{"id":8,"date":"2023-11-20T06:00:32","date_gmt":"2023-11-20T05:00:32","guid":{"rendered":"https:\/\/alohacamp.com\/es\/travels\/?page_id=8"},"modified":"2025-01-30T05:55:22","modified_gmt":"2025-01-30T04:55:22","slug":"home","status":"publish","type":"page","link":"https:\/\/alohacamp.com\/es\/travels\/","title":{"rendered":"Home"},"content":{"rendered":"<p>[et_pb_section fb_built=\u00bb1&#8243; custom_padding_last_edited=\u00bbon|phone\u00bb _builder_version=\u00bb4.17.4&#8243; _module_preset=\u00bbdefault\u00bb background_color=\u00bb#FFFFFF\u00bb custom_padding=\u00bb100px||0px||false|false\u00bb custom_padding_tablet=\u00bb100px||0px||false|false\u00bb custom_padding_phone=\u00bb50px||||false|false\u00bb border_width_bottom=\u00bb3px\u00bb border_color_bottom=\u00bb#edf1f5&#8243; box_shadow_style=\u00bbpreset3&#8243; box_shadow_vertical=\u00bb50px\u00bb box_shadow_blur=\u00bb50px\u00bb box_shadow_color=\u00bbrgba(0,0,0,0)\u00bb global_colors_info=\u00bb{}\u00bb][et_pb_row use_custom_gutter=\u00bbon\u00bb gutter_width=\u00bb2&#8243; make_equal=\u00bbon\u00bb _builder_version=\u00bb4.22.2&#8243; _module_preset=\u00bbdefault\u00bb background_image=\u00bbhttps:\/\/alohacamp.com\/es\/travels\/wp-content\/uploads\/2024\/06\/drewno-alohacamp.png\u00bb background_size=\u00bbcontain\u00bb background_position=\u00bbbottom_right\u00bb background_horizontal_offset=\u00bb19%\u00bb background_vertical_offset=\u00bb0%\u00bb custom_margin=\u00bb||-40px||false|false\u00bb custom_padding=\u00bb0px||40px||false|false\u00bb background_last_edited=\u00bbon|desktop\u00bb background_enable_image_phone=\u00bboff\u00bb parallax_phone=\u00bboff\u00bb global_colors_info=\u00bb{}\u00bb][et_pb_column type=\u00bb4_4&#8243; _builder_version=\u00bb4.17.4&#8243; _module_preset=\u00bbdefault\u00bb global_colors_info=\u00bb{}\u00bb][et_pb_text _builder_version=\u00bb4.23.1&#8243; _module_preset=\u00bbdefault\u00bb header_font=\u00bbGloock|700|||||||\u00bb header_text_color=\u00bb#283a2c\u00bb header_font_size=\u00bb75px\u00bb header_line_height=\u00bb1.2em\u00bb header_2_font=\u00bbRubik|700|||||||\u00bb header_2_text_color=\u00bb#212529&#8243; header_2_font_size=\u00bb50px\u00bb max_width=\u00bb800px\u00bb custom_margin=\u00bb||10px||false|false\u00bb header_text_align_tablet=\u00bb\u00bb header_text_align_phone=\u00bbcenter\u00bb header_text_align_last_edited=\u00bbon|phone\u00bb header_font_size_tablet=\u00bb50px\u00bb header_font_size_phone=\u00bb35px\u00bb header_font_size_last_edited=\u00bbon|tablet\u00bb header_2_text_align_tablet=\u00bb\u00bb header_2_text_align_phone=\u00bb\u00bb header_2_text_align_last_edited=\u00bbon|phone\u00bb header_2_font_size_tablet=\u00bb35px\u00bb header_2_font_size_phone=\u00bb35px\u00bb header_2_font_size_last_edited=\u00bbon|tablet\u00bb global_colors_info=\u00bb{}\u00bb]<\/p>\n<h1>Descubre, reserva<br \/>y vive la <span style=\"color: #41a55b;\">Naturaleza<\/span><\/h1>\n<p>[\/et_pb_text][\/et_pb_column][\/et_pb_row][et_pb_row use_custom_gutter=\u00bbon\u00bb gutter_width=\u00bb2&#8243; make_equal=\u00bbon\u00bb custom_padding_last_edited=\u00bbon|phone\u00bb _builder_version=\u00bb4.22.2&#8243; _module_preset=\u00bbdefault\u00bb background_enable_image=\u00bboff\u00bb background_size=\u00bbcontain\u00bb background_position=\u00bbbottom_right\u00bb custom_padding=\u00bb0px||0px||true|false\u00bb custom_padding_tablet=\u00bb0px||0px||true|false\u00bb custom_padding_phone=\u00bb30px||||false|false\u00bb global_colors_info=\u00bb{}\u00bb custom_css_main_element_last_edited=\u00bbon|phone\u00bb custom_css_main_element_phone=\u00bbtext-align: center;\u00bb][et_pb_column type=\u00bb4_4&#8243; _builder_version=\u00bb4.17.4&#8243; _module_preset=\u00bbdefault\u00bb global_colors_info=\u00bb{}\u00bb][et_pb_icon font_icon=\u00bb&#xf0ac;||fa||900&#8243; icon_width=\u00bb50px\u00bb icon_width_tablet=\u00bb50px\u00bb icon_width_phone=\u00bb35px\u00bb icon_width_last_edited=\u00bbon|phone\u00bb module_class=\u00bbdf-button df-activebutton\u00bb _builder_version=\u00bb4.22.2&#8243; _module_preset=\u00bbdefault\u00bb custom_margin=\u00bb||||false|false\u00bb custom_margin_tablet=\u00bb||||false|false\u00bb custom_margin_phone=\u00bb||30px||false|false\u00bb custom_margin_last_edited=\u00bbon|phone\u00bb custom_padding=\u00bb20px|20px|20px|20px|true|true\u00bb custom_padding_tablet=\u00bb20px|20px|20px|20px|true|true\u00bb custom_padding_phone=\u00bb0px|15px|0px|15px|true|true\u00bb custom_padding_last_edited=\u00bbon|phone\u00bb custom_css_main_element=\u00bbdisplay: inline-block;\u00bb global_colors_info=\u00bb{}\u00bb icon_color__hover_enabled=\u00bbon|hover\u00bb icon_color__hover=\u00bb#223f29&#8243;][\/et_pb_icon][et_pb_icon font_icon=\u00bb&#xf6fc;||fa||900&#8243; icon_width=\u00bb50px\u00bb icon_width_tablet=\u00bb50px\u00bb icon_width_phone=\u00bb35px\u00bb icon_width_last_edited=\u00bbon|phone\u00bb module_class=\u00bbdf-button dfc-montanas\u00bb _builder_version=\u00bb4.23.1&#8243; _module_preset=\u00bbdefault\u00bb custom_margin=\u00bb||||false|false\u00bb custom_margin_tablet=\u00bb||||false|false\u00bb custom_margin_phone=\u00bb||30px||false|false\u00bb custom_margin_last_edited=\u00bbon|phone\u00bb custom_padding=\u00bb20px|20px|20px|20px|true|true\u00bb custom_padding_tablet=\u00bb20px|20px|20px|20px|true|true\u00bb custom_padding_phone=\u00bb0px|15px|0px|15px|true|true\u00bb custom_padding_last_edited=\u00bbon|phone\u00bb custom_css_main_element=\u00bbdisplay: inline-block;\u00bb global_colors_info=\u00bb{}\u00bb icon_color__hover_enabled=\u00bbon|hover\u00bb icon_color__hover=\u00bb#223f29&#8243;][\/et_pb_icon][et_pb_icon font_icon=\u00bb&#xf1bb;||fa||900&#8243; icon_width=\u00bb50px\u00bb icon_width_tablet=\u00bb50px\u00bb icon_width_phone=\u00bb35px\u00bb icon_width_last_edited=\u00bbon|phone\u00bb module_class=\u00bbdf-button dfc-parques-nacionales\u00bb _builder_version=\u00bb4.23.1&#8243; _module_preset=\u00bbdefault\u00bb custom_margin=\u00bb||||false|false\u00bb custom_margin_tablet=\u00bb||||false|false\u00bb custom_margin_phone=\u00bb||30px||false|false\u00bb custom_margin_last_edited=\u00bbon|phone\u00bb custom_padding=\u00bb20px|20px|20px|20px|true|true\u00bb custom_padding_tablet=\u00bb20px|20px|20px|20px|true|true\u00bb custom_padding_phone=\u00bb0px|15px|0px|15px|true|true\u00bb custom_padding_last_edited=\u00bbon|phone\u00bb custom_css_main_element=\u00bbdisplay: inline-block;\u00bb global_colors_info=\u00bb{}\u00bb icon_color__hover_enabled=\u00bbon|hover\u00bb icon_color__hover=\u00bb#223f29&#8243;][\/et_pb_icon][et_pb_icon font_icon=\u00bb&#xf5ca;||fa||900&#8243; icon_width=\u00bb50px\u00bb icon_width_tablet=\u00bb50px\u00bb icon_width_phone=\u00bb35px\u00bb icon_width_last_edited=\u00bbon|phone\u00bb module_class=\u00bbdf-button dfc-playas\u00bb _builder_version=\u00bb4.23.1&#8243; _module_preset=\u00bbdefault\u00bb custom_margin=\u00bb||||false|false\u00bb custom_margin_tablet=\u00bb||||false|false\u00bb custom_margin_phone=\u00bb||30px||false|false\u00bb custom_margin_last_edited=\u00bbon|phone\u00bb custom_padding=\u00bb20px|20px|20px|20px|true|true\u00bb custom_padding_tablet=\u00bb20px|20px|20px|20px|true|true\u00bb custom_padding_phone=\u00bb0px|15px|0px|15px|true|true\u00bb custom_padding_last_edited=\u00bbon|phone\u00bb custom_css_main_element=\u00bbdisplay: inline-block;\u00bb global_colors_info=\u00bb{}\u00bb icon_color__hover_enabled=\u00bbon|hover\u00bb icon_color__hover=\u00bb#223f29&#8243;][\/et_pb_icon][et_pb_icon font_icon=\u00bb&#xf5a0;||fa||900&#8243; icon_width=\u00bb50px\u00bb icon_width_tablet=\u00bb50px\u00bb icon_width_phone=\u00bb35px\u00bb icon_width_last_edited=\u00bbon|phone\u00bb module_class=\u00bbdf-button dfc-que-ver\u00bb _builder_version=\u00bb4.23.1&#8243; _module_preset=\u00bbdefault\u00bb custom_margin=\u00bb||1.5%||false|false\u00bb custom_margin_tablet=\u00bb||30px||false|false\u00bb custom_margin_phone=\u00bb||30px||false|false\u00bb custom_margin_last_edited=\u00bbon|tablet\u00bb custom_padding=\u00bb20px|20px|20px|20px|true|true\u00bb custom_padding_tablet=\u00bb20px|20px|20px|20px|true|true\u00bb custom_padding_phone=\u00bb0px|15px|0px|15px|true|true\u00bb custom_padding_last_edited=\u00bbon|phone\u00bb custom_css_main_element=\u00bbdisplay: inline-block;\u00bb global_colors_info=\u00bb{}\u00bb icon_color__hover_enabled=\u00bbon|hover\u00bb icon_color__hover=\u00bb#223f29&#8243;][\/et_pb_icon][et_pb_icon font_icon=\u00bb&#xf773;||fa||900&#8243; icon_width=\u00bb50px\u00bb icon_width_tablet=\u00bb50px\u00bb icon_width_phone=\u00bb35px\u00bb icon_width_last_edited=\u00bbon|phone\u00bb disabled_on=\u00bboff|off|off\u00bb module_class=\u00bbdf-button dfc-rios\u00bb _builder_version=\u00bb4.23.1&#8243; _module_preset=\u00bbdefault\u00bb custom_margin=\u00bb||1.5%||false|false\u00bb custom_margin_tablet=\u00bb||30px||false|false\u00bb custom_margin_phone=\u00bb||30px||false|false\u00bb custom_margin_last_edited=\u00bbon|tablet\u00bb custom_padding=\u00bb20px|20px|20px|20px|true|true\u00bb custom_padding_tablet=\u00bb20px|20px|20px|20px|true|true\u00bb custom_padding_phone=\u00bb0px|15px|0px|15px|true|true\u00bb custom_padding_last_edited=\u00bbon|phone\u00bb custom_css_main_element=\u00bbdisplay: inline-block;\u00bb global_colors_info=\u00bb{}\u00bb icon_color__hover_enabled=\u00bbon|hover\u00bb icon_color__hover=\u00bb#223f29&#8243;][\/et_pb_icon][et_pb_icon font_icon=\u00bb&#xf4d7;||fa||900&#8243; icon_width=\u00bb50px\u00bb icon_width_tablet=\u00bb50px\u00bb icon_width_phone=\u00bb35px\u00bb icon_width_last_edited=\u00bbon|phone\u00bb module_class=\u00bbdf-button dfc-rutas\u00bb _builder_version=\u00bb4.23.1&#8243; _module_preset=\u00bbdefault\u00bb custom_margin=\u00bb||1.5%||false|false\u00bb custom_margin_tablet=\u00bb||30px||false|false\u00bb custom_margin_phone=\u00bb||30px||false|false\u00bb custom_margin_last_edited=\u00bbon|tablet\u00bb custom_padding=\u00bb20px|20px|20px|20px|true|true\u00bb custom_padding_tablet=\u00bb20px|20px|20px|20px|true|true\u00bb custom_padding_phone=\u00bb0px|15px|0px|15px|true|true\u00bb custom_padding_last_edited=\u00bbon|phone\u00bb custom_css_main_element=\u00bbdisplay: inline-block;\u00bb global_colors_info=\u00bb{}\u00bb icon_color__hover_enabled=\u00bbon|hover\u00bb icon_color__hover=\u00bb#223f29&#8243;][\/et_pb_icon][et_pb_icon font_icon=\u00bb&#xf5a6;||fa||900&#8243; icon_width=\u00bb50px\u00bb icon_width_tablet=\u00bb50px\u00bb icon_width_phone=\u00bb35px\u00bb icon_width_last_edited=\u00bbon|phone\u00bb disabled_on=\u00bboff|off|off\u00bb module_class=\u00bbdf-button dfc-lugares-de-interes-sitios\u00bb _builder_version=\u00bb4.23.1&#8243; _module_preset=\u00bbdefault\u00bb custom_margin=\u00bb||||false|false\u00bb custom_margin_tablet=\u00bb||||false|false\u00bb custom_margin_phone=\u00bb||30px||false|false\u00bb custom_margin_last_edited=\u00bbon|phone\u00bb custom_padding=\u00bb20px|20px|20px|20px|true|true\u00bb custom_padding_tablet=\u00bb20px|20px|20px|20px|true|true\u00bb custom_padding_phone=\u00bb0px|15px|0px|15px|true|true\u00bb custom_padding_last_edited=\u00bbon|phone\u00bb custom_css_main_element=\u00bbdisplay: inline-block;\u00bb global_colors_info=\u00bb{}\u00bb icon_color__hover_enabled=\u00bbon|hover\u00bb icon_color__hover=\u00bb#223f29&#8243;][\/et_pb_icon][et_pb_icon font_icon=\u00bb&#xf015;||fa||900&#8243; icon_width=\u00bb50px\u00bb icon_width_tablet=\u00bb50px\u00bb icon_width_phone=\u00bb35px\u00bb icon_width_last_edited=\u00bbon|phone\u00bb disabled_on=\u00bboff|off|off\u00bb module_class=\u00bbdf-button dfc-pueblos\u00bb _builder_version=\u00bb4.23.1&#8243; _module_preset=\u00bbdefault\u00bb custom_margin=\u00bb||1.5%||false|false\u00bb custom_margin_tablet=\u00bb||30px||false|false\u00bb custom_margin_phone=\u00bb||30px||false|false\u00bb custom_margin_last_edited=\u00bbon|tablet\u00bb custom_padding=\u00bb20px|20px|20px|20px|true|true\u00bb custom_padding_tablet=\u00bb20px|20px|20px|20px|true|true\u00bb custom_padding_phone=\u00bb0px|15px|0px|15px|true|true\u00bb custom_padding_last_edited=\u00bbon|phone\u00bb custom_css_main_element=\u00bbdisplay: inline-block;\u00bb global_colors_info=\u00bb{}\u00bb icon_color__hover_enabled=\u00bbon|hover\u00bb icon_color__hover=\u00bb#223f29&#8243;][\/et_pb_icon][et_pb_icon font_icon=\u00bb&#xf7c9;||fa||900&#8243; icon_width=\u00bb50px\u00bb icon_width_tablet=\u00bb50px\u00bb icon_width_phone=\u00bb35px\u00bb icon_width_last_edited=\u00bbon|phone\u00bb disabled_on=\u00bboff|off|off\u00bb module_class=\u00bbdf-button dfc-esqui\u00bb _builder_version=\u00bb4.23.1&#8243; _module_preset=\u00bbdefault\u00bb custom_margin=\u00bb||1.5%||false|false\u00bb custom_margin_tablet=\u00bb||30px||false|false\u00bb custom_margin_phone=\u00bb||30px||false|false\u00bb custom_margin_last_edited=\u00bbon|tablet\u00bb custom_padding=\u00bb20px|20px|20px|20px|true|true\u00bb custom_padding_tablet=\u00bb20px|20px|20px|20px|true|true\u00bb custom_padding_phone=\u00bb0px|15px|0px|15px|true|true\u00bb custom_padding_last_edited=\u00bbon|phone\u00bb custom_css_main_element=\u00bbdisplay: inline-block;\u00bb global_colors_info=\u00bb{}\u00bb icon_color__hover_enabled=\u00bbon|hover\u00bb icon_color__hover=\u00bb#223f29&#8243;][\/et_pb_icon][et_pb_icon font_icon=\u00bb&#xf14e;||fa||400&#8243; icon_width=\u00bb50px\u00bb icon_width_tablet=\u00bb50px\u00bb icon_width_phone=\u00bb35px\u00bb icon_width_last_edited=\u00bbon|phone\u00bb module_class=\u00bbdf-button dfc-otr\u00bb _builder_version=\u00bb4.23.1&#8243; _module_preset=\u00bbdefault\u00bb custom_margin=\u00bb||1.5%||false|false\u00bb custom_margin_tablet=\u00bb||30px||false|false\u00bb custom_margin_phone=\u00bb||30px||false|false\u00bb custom_margin_last_edited=\u00bbon|phone\u00bb custom_padding=\u00bb20px|20px|20px|20px|true|true\u00bb custom_padding_tablet=\u00bb20px|20px|20px|20px|true|true\u00bb custom_padding_phone=\u00bb0px|15px|0px|15px|true|true\u00bb custom_padding_last_edited=\u00bbon|phone\u00bb custom_css_main_element=\u00bbdisplay: inline-block;\u00bb global_colors_info=\u00bb{}\u00bb icon_color__hover_enabled=\u00bbon|hover\u00bb icon_color__hover=\u00bb#223f29&#8243;][\/et_pb_icon][\/et_pb_column][\/et_pb_row][\/et_pb_section][et_pb_section fb_built=\u00bb1&#8243; custom_padding_last_edited=\u00bbon|tablet\u00bb module_class=\u00bbdf-area df-post\u00bb _builder_version=\u00bb4.22.2&#8243; _module_preset=\u00bbdefault\u00bb background_color=\u00bb#f6f8fc\u00bb custom_padding=\u00bb100px||100px||false|false\u00bb custom_padding_tablet=\u00bb50px||50px||false|false\u00bb custom_padding_phone=\u00bb50px||50px||true|false\u00bb border_color_bottom=\u00bb#edf1f5&#8243; global_colors_info=\u00bb{}\u00bb][et_pb_row use_custom_gutter=\u00bbon\u00bb gutter_width=\u00bb2&#8243; _builder_version=\u00bb4.17.4&#8243; _module_preset=\u00bbdefault\u00bb custom_padding=\u00bb0px||0px||false|false\u00bb global_colors_info=\u00bb{}\u00bb][et_pb_column type=\u00bb4_4&#8243; _builder_version=\u00bb4.17.4&#8243; _module_preset=\u00bbdefault\u00bb global_colors_info=\u00bb{}\u00bb][et_pb_blog posts_number=\u00bb200&#8243; include_categories=\u00bball\u00bb show_author=\u00bboff\u00bb show_date=\u00bboff\u00bb show_categories=\u00bboff\u00bb show_excerpt=\u00bboff\u00bb show_pagination=\u00bboff\u00bb use_overlay=\u00bbon\u00bb hover_overlay_color=\u00bbrgba(255,255,255,0.6)\u00bb hover_icon=\u00bb&#xe081;||divi||400&#8243; module_class=\u00bbet-blog-css-grid\u00bb _builder_version=\u00bb4.23.1&#8243; _module_preset=\u00bbdefault\u00bb header_font=\u00bbNunito Sans||||||||\u00bb header_font_size=\u00bb15px\u00bb body_line_height=\u00bb1.2em\u00bb text_orientation=\u00bbcenter\u00bb width_tablet=\u00bb\u00bb width_phone=\u00bb95%\u00bb width_last_edited=\u00bbon|phone\u00bb max_width_last_edited=\u00bboff|phone\u00bb module_alignment=\u00bbcenter\u00bb custom_padding=\u00bb||||false|false\u00bb hover_enabled=\u00bb0&#8243; header_font_size_tablet=\u00bb\u00bb header_font_size_phone=\u00bb20px\u00bb header_font_size_last_edited=\u00bbon|phone\u00bb body_line_height_last_edited=\u00bboff|phone\u00bb border_width_all=\u00bb0px\u00bb border_style_all=\u00bbdashed\u00bb border_radii_image=\u00bbon|8px|8px|8px|8px\u00bb border_width_all_image=\u00bb3px\u00bb border_color_all_image=\u00bb#41A55B\u00bb box_shadow_style_image=\u00bbpreset3&#8243; global_colors_info=\u00bb{}\u00bb custom_css_title_last_edited=\u00bbon|tablet\u00bb custom_css_title_phone=\u00bbmargin-bottom: 10px;\u00bb custom_css_title_tablet=\u00bbmargin-bottom: 10px;\u00bb sticky_enabled=\u00bb0&#8243;][\/et_pb_blog][\/et_pb_column][\/et_pb_row][\/et_pb_section]<\/p>\n","protected":false},"excerpt":{"rendered":"<p>Descubre, reservay vive la Naturaleza<\/p>\n","protected":false},"author":1,"featured_media":0,"parent":0,"menu_order":0,"comment_status":"closed","ping_status":"closed","template":"","meta":{"_et_pb_use_builder":"on","_et_pb_old_content":"<!-- wp:divi\/placeholder \/-->","_et_gb_content_width":"","inline_featured_image":false,"footnotes":""},"class_list":["post-8","page","type-page","status-publish","hentry"],"yoast_head":"<!-- This site is optimized with the Yoast SEO plugin v27.3 - https:\/\/yoast.com\/product\/yoast-seo-wordpress\/ -->\n<title>AlohaCamp Travels | Hermosos lugares en la Naturaleza \ud83c\udf33<\/title>\n<meta name=\"description\" content=\"Descubre y reserva lugares \u00fanicos; glampings, sitios de acampada y campers, caba\u00f1as, cortijos, mas\u00edas y otros espacios con encanto \ud83d\uddfa\ufe0f\" \/>\n<meta name=\"robots\" content=\"index, follow, max-snippet:-1, max-image-preview:large, max-video-preview:-1\" \/>\n<link rel=\"canonical\" href=\"https:\/\/alohacamp.com\/es\/travels\/\" \/>\n<meta property=\"og:locale\" content=\"es_ES\" \/>\n<meta property=\"og:type\" content=\"article\" \/>\n<meta property=\"og:title\" content=\"AlohaCamp Travels | Hermosos lugares en la Naturaleza \ud83c\udf33\" \/>\n<meta property=\"og:description\" content=\"Descubre y reserva lugares \u00fanicos; glampings, sitios de acampada y campers, caba\u00f1as, cortijos, mas\u00edas y otros espacios con encanto \ud83d\uddfa\ufe0f\" \/>\n<meta property=\"og:url\" content=\"https:\/\/alohacamp.com\/es\/travels\/\" \/>\n<meta property=\"og:site_name\" content=\"AlohaCamp Travels ES\" \/>\n<meta property=\"article:publisher\" content=\"https:\/\/www.facebook.com\/alohacampes\" \/>\n<meta property=\"article:modified_time\" content=\"2025-01-30T04:55:22+00:00\" \/>\n<meta name=\"twitter:card\" content=\"summary_large_image\" \/>\n<meta name=\"twitter:label1\" content=\"Tiempo de lectura\" \/>\n\t<meta name=\"twitter:data1\" content=\"9 minutos\" \/>\n<script type=\"application\/ld+json\" class=\"yoast-schema-graph\">{\"@context\":\"https:\\\/\\\/schema.org\",\"@graph\":[{\"@type\":\"WebPage\",\"@id\":\"https:\\\/\\\/alohacamp.com\\\/es\\\/travels\\\/\",\"url\":\"https:\\\/\\\/alohacamp.com\\\/es\\\/travels\\\/\",\"name\":\"AlohaCamp Travels | Hermosos lugares en la Naturaleza \ud83c\udf33\",\"isPartOf\":{\"@id\":\"https:\\\/\\\/alohacamp.com\\\/es\\\/travels\\\/#website\"},\"datePublished\":\"2023-11-20T05:00:32+00:00\",\"dateModified\":\"2025-01-30T04:55:22+00:00\",\"description\":\"Descubre y reserva lugares \u00fanicos; glampings, sitios de acampada y campers, caba\u00f1as, cortijos, mas\u00edas y otros espacios con encanto \ud83d\uddfa\ufe0f\",\"inLanguage\":\"es\",\"potentialAction\":[{\"@type\":\"ReadAction\",\"target\":[\"https:\\\/\\\/alohacamp.com\\\/es\\\/travels\\\/\"]}]},{\"@type\":\"WebSite\",\"@id\":\"https:\\\/\\\/alohacamp.com\\\/es\\\/travels\\\/#website\",\"url\":\"https:\\\/\\\/alohacamp.com\\\/es\\\/travels\\\/\",\"name\":\"AlohaCamp Travels ES\",\"description\":\"\",\"publisher\":{\"@id\":\"https:\\\/\\\/alohacamp.com\\\/es\\\/travels\\\/#organization\"},\"potentialAction\":[{\"@type\":\"SearchAction\",\"target\":{\"@type\":\"EntryPoint\",\"urlTemplate\":\"https:\\\/\\\/alohacamp.com\\\/es\\\/travels\\\/?s={search_term_string}\"},\"query-input\":{\"@type\":\"PropertyValueSpecification\",\"valueRequired\":true,\"valueName\":\"search_term_string\"}}],\"inLanguage\":\"es\"},{\"@type\":\"Organization\",\"@id\":\"https:\\\/\\\/alohacamp.com\\\/es\\\/travels\\\/#organization\",\"name\":\"AlohaCamp\",\"url\":\"https:\\\/\\\/alohacamp.com\\\/es\\\/travels\\\/\",\"logo\":{\"@type\":\"ImageObject\",\"inLanguage\":\"es\",\"@id\":\"https:\\\/\\\/alohacamp.com\\\/es\\\/travels\\\/#\\\/schema\\\/logo\\\/image\\\/\",\"url\":\"https:\\\/\\\/alohacamp.com\\\/es\\\/travels\\\/wp-content\\\/uploads\\\/2024\\\/03\\\/alohacamp-logo-basic.svg\",\"contentUrl\":\"https:\\\/\\\/alohacamp.com\\\/es\\\/travels\\\/wp-content\\\/uploads\\\/2024\\\/03\\\/alohacamp-logo-basic.svg\",\"width\":1600,\"height\":265,\"caption\":\"AlohaCamp\"},\"image\":{\"@id\":\"https:\\\/\\\/alohacamp.com\\\/es\\\/travels\\\/#\\\/schema\\\/logo\\\/image\\\/\"},\"sameAs\":[\"https:\\\/\\\/www.facebook.com\\\/alohacampes\",\"https:\\\/\\\/www.instagram.com\\\/alohacamp_es\\\/\",\"https:\\\/\\\/www.tiktok.com\\\/@alohacamp_es\",\"https:\\\/\\\/www.linkedin.com\\\/company\\\/alohacamp\\\/\",\"https:\\\/\\\/www.pinterest.com\\\/alohacamp_es\\\/\"]}]}<\/script>\n<!-- \/ Yoast SEO plugin. -->","yoast_head_json":{"title":"AlohaCamp Travels | Hermosos lugares en la Naturaleza \ud83c\udf33","description":"Descubre y reserva lugares \u00fanicos; glampings, sitios de acampada y campers, caba\u00f1as, cortijos, mas\u00edas y otros espacios con encanto \ud83d\uddfa\ufe0f","robots":{"index":"index","follow":"follow","max-snippet":"max-snippet:-1","max-image-preview":"max-image-preview:large","max-video-preview":"max-video-preview:-1"},"canonical":"https:\/\/alohacamp.com\/es\/travels\/","og_locale":"es_ES","og_type":"article","og_title":"AlohaCamp Travels | Hermosos lugares en la Naturaleza \ud83c\udf33","og_description":"Descubre y reserva lugares \u00fanicos; glampings, sitios de acampada y campers, caba\u00f1as, cortijos, mas\u00edas y otros espacios con encanto \ud83d\uddfa\ufe0f","og_url":"https:\/\/alohacamp.com\/es\/travels\/","og_site_name":"AlohaCamp Travels ES","article_publisher":"https:\/\/www.facebook.com\/alohacampes","article_modified_time":"2025-01-30T04:55:22+00:00","twitter_card":"summary_large_image","twitter_misc":{"Tiempo de lectura":"9 minutos"},"schema":{"@context":"https:\/\/schema.org","@graph":[{"@type":"WebPage","@id":"https:\/\/alohacamp.com\/es\/travels\/","url":"https:\/\/alohacamp.com\/es\/travels\/","name":"AlohaCamp Travels | Hermosos lugares en la Naturaleza \ud83c\udf33","isPartOf":{"@id":"https:\/\/alohacamp.com\/es\/travels\/#website"},"datePublished":"2023-11-20T05:00:32+00:00","dateModified":"2025-01-30T04:55:22+00:00","description":"Descubre y reserva lugares \u00fanicos; glampings, sitios de acampada y campers, caba\u00f1as, cortijos, mas\u00edas y otros espacios con encanto \ud83d\uddfa\ufe0f","inLanguage":"es","potentialAction":[{"@type":"ReadAction","target":["https:\/\/alohacamp.com\/es\/travels\/"]}]},{"@type":"WebSite","@id":"https:\/\/alohacamp.com\/es\/travels\/#website","url":"https:\/\/alohacamp.com\/es\/travels\/","name":"AlohaCamp Travels ES","description":"","publisher":{"@id":"https:\/\/alohacamp.com\/es\/travels\/#organization"},"potentialAction":[{"@type":"SearchAction","target":{"@type":"EntryPoint","urlTemplate":"https:\/\/alohacamp.com\/es\/travels\/?s={search_term_string}"},"query-input":{"@type":"PropertyValueSpecification","valueRequired":true,"valueName":"search_term_string"}}],"inLanguage":"es"},{"@type":"Organization","@id":"https:\/\/alohacamp.com\/es\/travels\/#organization","name":"AlohaCamp","url":"https:\/\/alohacamp.com\/es\/travels\/","logo":{"@type":"ImageObject","inLanguage":"es","@id":"https:\/\/alohacamp.com\/es\/travels\/#\/schema\/logo\/image\/","url":"https:\/\/alohacamp.com\/es\/travels\/wp-content\/uploads\/2024\/03\/alohacamp-logo-basic.svg","contentUrl":"https:\/\/alohacamp.com\/es\/travels\/wp-content\/uploads\/2024\/03\/alohacamp-logo-basic.svg","width":1600,"height":265,"caption":"AlohaCamp"},"image":{"@id":"https:\/\/alohacamp.com\/es\/travels\/#\/schema\/logo\/image\/"},"sameAs":["https:\/\/www.facebook.com\/alohacampes","https:\/\/www.instagram.com\/alohacamp_es\/","https:\/\/www.tiktok.com\/@alohacamp_es","https:\/\/www.linkedin.com\/company\/alohacamp\/","https:\/\/www.pinterest.com\/alohacamp_es\/"]}]}},"_links":{"self":[{"href":"https:\/\/alohacamp.com\/es\/travels\/wp-json\/wp\/v2\/pages\/8","targetHints":{"allow":["GET"]}}],"collection":[{"href":"https:\/\/alohacamp.com\/es\/travels\/wp-json\/wp\/v2\/pages"}],"about":[{"href":"https:\/\/alohacamp.com\/es\/travels\/wp-json\/wp\/v2\/types\/page"}],"author":[{"embeddable":true,"href":"https:\/\/alohacamp.com\/es\/travels\/wp-json\/wp\/v2\/users\/1"}],"replies":[{"embeddable":true,"href":"https:\/\/alohacamp.com\/es\/travels\/wp-json\/wp\/v2\/comments?post=8"}],"version-history":[{"count":0,"href":"https:\/\/alohacamp.com\/es\/travels\/wp-json\/wp\/v2\/pages\/8\/revisions"}],"wp:attachment":[{"href":"https:\/\/alohacamp.com\/es\/travels\/wp-json\/wp\/v2\/media?parent=8"}],"curies":[{"name":"wp","href":"https:\/\/api.w.org\/{rel}","templated":true}]}}